{"id":6932,"date":"2024-09-03T17:42:49","date_gmt":"2024-09-03T15:42:49","guid":{"rendered":"https:\/\/cofersapalencia.com\/?page_id=6932"},"modified":"2024-09-04T08:42:57","modified_gmt":"2024-09-04T06:42:57","slug":"noticias","status":"publish","type":"page","link":"https:\/\/cofersapalencia.com\/en\/noticias\/","title":{"rendered":"News"},"content":{"rendered":"<p>[et_pb_section fb_built=\u00bb1&#8243; admin_label=\u00bbHeader\u00bb _builder_version=\u00bb4.16&#8243; global_colors_info=\u00bb{}\u00bb][et_pb_row column_structure=\u00bb2_3,1_3&#8243; _builder_version=\u00bb4.16&#8243; global_colors_info=\u00bb{}\u00bb][et_pb_column type=\u00bb2_3&#8243; _builder_version=\u00bb4.16&#8243; global_colors_info=\u00bb{}\u00bb][et_pb_text _builder_version=\u00bb4.22.1&#8243; header_font=\u00bbRoboto Condensed|700||on|||||\u00bb header_font_size=\u00bb80px\u00bb header_line_height=\u00bb1.1em\u00bb header_font_size_tablet=\u00bb60px\u00bb header_font_size_phone=\u00bb40px\u00bb header_font_size_last_edited=\u00bbon|phone\u00bb locked=\u00bboff\u00bb global_colors_info=\u00bb{}\u00bb]<\/p>\n<h1>NOTICIAS<\/h1>\n<p>[\/et_pb_text][et_pb_text _builder_version=\u00bb4.22.1&#8243; text_font=\u00bbLora||||||||\u00bb text_text_color=\u00bb#676879&#8243; text_font_size=\u00bb16px\u00bb text_line_height=\u00bb2em\u00bb text_font_size_tablet=\u00bb15px\u00bb text_font_size_phone=\u00bb14px\u00bb text_font_size_last_edited=\u00bbon|phone\u00bb locked=\u00bboff\u00bb global_colors_info=\u00bb{}\u00bb]<\/p>\n<p><span>Suscr\u00edbete a nuestra newsletter y ent\u00e9rate de todas nuestras novedades, ofertas, noticias, \u00a1y mucho m\u00e1s! Envianos tu correo electr\u00f3nico y cada semana te sorprenderemos con lo mejor de nuestro contenido directamente en tu bandeja de entrada.<\/span><\/p>\n<p>[\/et_pb_text][et_pb_button button_url=\u00bb@ET-DC@eyJkeW5hbWljIjp0cnVlLCJjb250ZW50IjoicG9zdF9saW5rX3VybF9wYWdlIiwic2V0dGluZ3MiOnsicG9zdF9pZCI6IjY5MTAifX0=@\u00bb button_text=\u00bbSUSCRIBETE \u00bb button_alignment=\u00bbleft\u00bb _builder_version=\u00bb4.22.1&#8243; _dynamic_attributes=\u00bbbutton_url\u00bb custom_button=\u00bbon\u00bb button_text_size=\u00bb14px\u00bb button_text_color=\u00bb#ffffff\u00bb button_bg_color=\u00bb#fec027&#8243; button_border_width=\u00bb0px\u00bb button_border_radius=\u00bb0px\u00bb button_letter_spacing=\u00bb2px\u00bb button_font=\u00bbRoboto Condensed|700||on|||||\u00bb button_icon=\u00bb&#x24;||divi||400&#8243; button_on_hover=\u00bboff\u00bb custom_padding=\u00bb16px|36px|16px|22px|true|false\u00bb box_shadow_style=\u00bbpreset3&#8243; box_shadow_color=\u00bb#fec027&#8243; locked=\u00bboff\u00bb global_colors_info=\u00bb{}\u00bb custom_padding__hover=\u00bb|40px||26px|true|false\u00bb custom_padding__hover_enabled=\u00bbon|hover\u00bb][\/et_pb_button][\/et_pb_column][et_pb_column type=\u00bb1_3&#8243; _builder_version=\u00bb4.16&#8243; global_colors_info=\u00bb{}\u00bb][et_pb_image src=\u00bbhttps:\/\/cofersapalencia.com\/wp-content\/uploads\/2024\/09\/file.png\u00bb title_text=\u00bbfile\u00bb _builder_version=\u00bb4.22.1&#8243; use_background_color_gradient=\u00bbon\u00bb background_color_gradient_direction=\u00bb90deg\u00bb background_color_gradient_stops=\u00bbrgba(0,0,0,0) 30%|rgba(0,0,0,0.05) 30%\u00bb background_color_gradient_start=\u00bbrgba(0,0,0,0)\u00bb background_color_gradient_start_position=\u00bb30%\u00bb background_color_gradient_end=\u00bbrgba(0,0,0,0.05)\u00bb background_color_gradient_end_position=\u00bb0%\u00bb custom_margin=\u00bb-90px|-10vw|||false|false\u00bb custom_margin_tablet=\u00bb0px|0vw|||false|false\u00bb custom_margin_phone=\u00bb\u00bb custom_margin_last_edited=\u00bbon|tablet\u00bb global_colors_info=\u00bb{}\u00bb][\/et_pb_image][\/et_pb_column][\/et_pb_row][\/et_pb_section][et_pb_section fb_built=\u00bb1&#8243; make_equal=\u00bbon\u00bb specialty=\u00bbon\u00bb background_color_1=\u00bb#fec027&#8243; padding_top_1=\u00bb10px\u00bb padding_top_2=\u00bb6vw\u00bb padding_right_1=\u00bb20px\u00bb padding_bottom_1=\u00bb10px\u00bb padding_bottom_2=\u00bb6vw\u00bb padding_left_1=\u00bb20px\u00bb padding_left_2=\u00bb80px\u00bb padding_top_bottom_link_1=\u00bbtrue\u00bb padding_top_bottom_link_2=\u00bbtrue\u00bb padding_left_right_link_1=\u00bbtrue\u00bb padding_left_right_link_2=\u00bbfalse\u00bb padding_2_tablet=\u00bb0px|0px||0px|false|true\u00bb padding_2_phone=\u00bb\u00bb padding_2_last_edited=\u00bbon|tablet\u00bb admin_label=\u00bbBlog\u00bb _builder_version=\u00bb4.22.1&#8243; z_index=\u00bb10&#8243; custom_padding=\u00bb0px||0px|||\u00bb locked=\u00bboff\u00bb global_colors_info=\u00bb{}\u00bb][et_pb_column type=\u00bb1_4&#8243; _builder_version=\u00bb4.16&#8243; custom_padding=\u00bb|||\u00bb global_colors_info=\u00bb{}\u00bb custom_padding__hover=\u00bb|||\u00bb][et_pb_text _builder_version=\u00bb4.22.1&#8243; text_font=\u00bbRoboto Condensed|700||on|||||\u00bb text_text_color=\u00bb#208382&#8243; text_font_size=\u00bb150px\u00bb text_line_height=\u00bb1em\u00bb transform_scale_tablet=\u00bb\u00bb transform_scale_phone=\u00bb\u00bb transform_scale_last_edited=\u00bbon|tablet\u00bb transform_translate=\u00bb-32%|190%\u00bb transform_translate_tablet=\u00bb0%|0%\u00bb transform_translate_phone=\u00bb\u00bb transform_translate_last_edited=\u00bbon|tablet\u00bb transform_translate_linked=\u00bboff\u00bb transform_rotate=\u00bb0deg|0deg|-90deg\u00bb transform_rotate_tablet=\u00bb0deg|0deg|0deg\u00bb transform_rotate_phone=\u00bb\u00bb transform_rotate_last_edited=\u00bbon|desktop\u00bb transform_skew_tablet=\u00bb\u00bb transform_skew_phone=\u00bb\u00bb transform_skew_last_edited=\u00bbon|desktop\u00bb transform_origin_tablet=\u00bb\u00bb transform_origin_phone=\u00bb\u00bb transform_origin_last_edited=\u00bbon|desktop\u00bb transform_styles_last_edited=\u00bbon|tablet\u00bb text_orientation=\u00bbcenter\u00bb background_layout=\u00bbdark\u00bb width=\u00bb500%\u00bb width_tablet=\u00bb100%\u00bb width_phone=\u00bb\u00bb width_last_edited=\u00bbon|tablet\u00bb text_font_size_tablet=\u00bb20px\u00bb text_font_size_phone=\u00bb\u00bb text_font_size_last_edited=\u00bbon|phone\u00bb transform_styles_tablet=\u00bb\u00bb transform_styles_phone=\u00bb\u00bb text_orientation_tablet=\u00bbleft\u00bb text_orientation_phone=\u00bb\u00bb text_orientation_last_edited=\u00bbon|tablet\u00bb global_colors_info=\u00bb{}\u00bb transform_styles__hover_enabled=\u00bboff|desktop\u00bb transform_scale__hover_enabled=\u00bboff|desktop\u00bb transform_translate__hover_enabled=\u00bboff|desktop\u00bb transform_rotate__hover_enabled=\u00bboff|desktop\u00bb transform_skew__hover_enabled=\u00bboff|desktop\u00bb transform_origin__hover_enabled=\u00bboff|desktop\u00bb text_font_size__hover_enabled=\u00bboff|desktop\u00bb]<\/p>\n<p>NOTICIAS<\/p>\n<p>[\/et_pb_text][\/et_pb_column][et_pb_column type=\u00bb3_4&#8243; specialty_columns=\u00bb3&#8243; _builder_version=\u00bb4.16&#8243; custom_padding=\u00bb|||\u00bb global_colors_info=\u00bb{}\u00bb custom_padding__hover=\u00bb|||\u00bb][et_pb_row_inner column_structure=\u00bb1_2,1_2&#8243; _builder_version=\u00bb4.22.1&#8243; _module_preset=\u00bbdefault\u00bb global_colors_info=\u00bb{}\u00bb][et_pb_column_inner type=\u00bb1_2&#8243; saved_specialty_column_type=\u00bb3_4&#8243; _builder_version=\u00bb4.22.1&#8243; _module_preset=\u00bbdefault\u00bb global_colors_info=\u00bb{}\u00bb][et_pb_blurb title=\u00bbObra realizada con brazo articulado 16 mt.\u00bb image=\u00bbhttps:\/\/cofersapalencia.com\/wp-content\/uploads\/2024\/09\/IMG-20190307-WA0010-1080&#215;675-1.jpg\u00bb _builder_version=\u00bb4.22.1&#8243; _module_preset=\u00bbdefault\u00bb global_colors_info=\u00bb{}\u00bb]<\/p>\n<p>Estimados clientes, Debido a las medidas adoptadas por el Gobierno Central para controlar y reducir los contagios de coronavirus Covid-19 y para ofrecerles un mejor servicio ante esta situaci\u00f3n.<\/p>\n<p>[\/et_pb_blurb][\/et_pb_column_inner][et_pb_column_inner type=\u00bb1_2&#8243; saved_specialty_column_type=\u00bb3_4&#8243; _builder_version=\u00bb4.22.1&#8243; _module_preset=\u00bbdefault\u00bb global_colors_info=\u00bb{}\u00bb][et_pb_blurb title=\u00bbNueva gama de mini excavadoras\u00bb image=\u00bbhttps:\/\/cofersapalencia.com\/wp-content\/uploads\/2024\/09\/HD2700-1080&#215;675-1.jpg\u00bb _builder_version=\u00bb4.22.1&#8243; _module_preset=\u00bbdefault\u00bb global_colors_info=\u00bb{}\u00bb]<\/p>\n<p>Hemos incorporado a nuestra existente gama de miniexcavadoras, varios modelos de diferentes pesos. Disponibles con cazos y\/o martillo.<\/p>\n<p>[\/et_pb_blurb][\/et_pb_column_inner][\/et_pb_row_inner][et_pb_row_inner column_structure=\u00bb1_2,1_2&#8243; _builder_version=\u00bb4.22.1&#8243; _module_preset=\u00bbdefault\u00bb global_colors_info=\u00bb{}\u00bb][et_pb_column_inner type=\u00bb1_2&#8243; saved_specialty_column_type=\u00bb3_4&#8243; _builder_version=\u00bb4.22.1&#8243; _module_preset=\u00bbdefault\u00bb global_colors_info=\u00bb{}\u00bb][et_pb_blurb title=\u00bbMontaje con paltaforma articulada 26 mt.\u00bb image=\u00bbhttps:\/\/cofersapalencia.com\/wp-content\/uploads\/2024\/09\/20161122_133704-e1479897350750-768&#215;432-1.jpg\u00bb _builder_version=\u00bb4.22.1&#8243; _module_preset=\u00bbdefault\u00bb global_colors_info=\u00bb{}\u00bb]<\/p>\n<p>Lleg\u00f3 la Navidad a Palencia, en Cofersa proporcionamos los medios para adornar nuestra ciudad. En esta ocasi\u00f3n, mostramos el montaje del \u00e1rbol que iluminar\u00e1 La Plaza Mayor.<\/p>\n<p>[\/et_pb_blurb][\/et_pb_column_inner][et_pb_column_inner type=\u00bb1_2&#8243; saved_specialty_column_type=\u00bb3_4&#8243; _builder_version=\u00bb4.22.1&#8243; _module_preset=\u00bbdefault\u00bb global_colors_info=\u00bb{}\u00bb][et_pb_blurb title=\u00bbRodillo de 12 toneladas\u00bb image=\u00bbhttps:\/\/cofersapalencia.com\/wp-content\/uploads\/2024\/09\/rodillo2-768&#215;432-1.jpg\u00bb _builder_version=\u00bb4.22.1&#8243; _module_preset=\u00bbdefault\u00bb global_colors_info=\u00bb{}\u00bb]<\/p>\n<p><span>Incorporamos a nuestra amplia gama de alquiler de maquinaria de compactaci\u00f3n un rodillo de 12 toneladas. Consultenos presupuesto sin compromiso.<\/span><\/p>\n<p>[\/et_pb_blurb][\/et_pb_column_inner][\/et_pb_row_inner][\/et_pb_column][\/et_pb_section][et_pb_section fb_built=\u00bb1&#8243; _builder_version=\u00bb4.22.1&#8243; _module_preset=\u00bbdefault\u00bb custom_margin=\u00bb-49px||-45px|||\u00bb global_colors_info=\u00bb{}\u00bb theme_builder_area=\u00bbpost_content\u00bb][et_pb_row _builder_version=\u00bb4.22.1&#8243; _module_preset=\u00bbdefault\u00bb global_colors_info=\u00bb{}\u00bb theme_builder_area=\u00bbpost_content\u00bb][et_pb_column type=\u00bb4_4&#8243; _builder_version=\u00bb4.22.1&#8243; _module_preset=\u00bbdefault\u00bb global_colors_info=\u00bb{}\u00bb theme_builder_area=\u00bbpost_content\u00bb][et_pb_image src=\u00bbhttps:\/\/cofersapalencia.com\/wp-content\/uploads\/2024\/09\/Mesa-de-trabajo-1.png\u00bb title_text=\u00bbkitDigital\u00bb _builder_version=\u00bb4.22.1&#8243; _module_preset=\u00bbdefault\u00bb global_colors_info=\u00bb{}\u00bb theme_builder_area=\u00bbpost_content\u00bb][\/et_pb_image][\/et_pb_column][\/et_pb_row][\/et_pb_section]<\/p>","protected":false},"excerpt":{"rendered":"<p>NOTICIASSuscr\u00edbete a nuestra newsletter y ent\u00e9rate de todas nuestras novedades, ofertas, noticias, \u00a1y mucho m\u00e1s! Envianos tu correo electr\u00f3nico y cada semana te sorprenderemos con lo mejor de nuestro contenido directamente en tu bandeja de entrada.NOTICIASEstimados clientes, Debido a las medidas adoptadas por el Gobierno Central para controlar y reducir los contagios de coronavirus Covid-19 [&hellip;]<\/p>","protected":false},"author":1,"featured_media":0,"parent":0,"menu_order":0,"comment_status":"closed","ping_status":"closed","template":"","meta":{"_et_pb_use_builder":"on","_et_pb_old_content":"","_et_gb_content_width":"","footnotes":""},"class_list":["post-6932","page","type-page","status-publish","hentry"],"yoast_head":"<!-- This site is optimized with the Yoast SEO plugin v26.2 - https:\/\/yoast.com\/wordpress\/plugins\/seo\/ -->\n<title>Noticias - cofersapalencia<\/title>\n<meta name=\"robots\" content=\"index, follow, max-snippet:-1, max-image-preview:large, max-video-preview:-1\" \/>\n<link rel=\"canonical\" href=\"https:\/\/cofersapalencia.com\/en\/noticias\/\" \/>\n<meta property=\"og:locale\" content=\"en_GB\" \/>\n<meta property=\"og:type\" content=\"article\" \/>\n<meta property=\"og:title\" content=\"Noticias - cofersapalencia\" \/>\n<meta property=\"og:description\" content=\"NOTICIASSuscr\u00edbete a nuestra newsletter y ent\u00e9rate de todas nuestras novedades, ofertas, noticias, \u00a1y mucho m\u00e1s! Envianos tu correo electr\u00f3nico y cada semana te sorprenderemos con lo mejor de nuestro contenido directamente en tu bandeja de entrada.NOTICIASEstimados clientes, Debido a las medidas adoptadas por el Gobierno Central para controlar y reducir los contagios de coronavirus Covid-19 [&hellip;]\" \/>\n<meta property=\"og:url\" content=\"https:\/\/cofersapalencia.com\/en\/noticias\/\" \/>\n<meta property=\"og:site_name\" content=\"cofersapalencia\" \/>\n<meta property=\"article:modified_time\" content=\"2024-09-04T06:42:57+00:00\" \/>\n<meta name=\"twitter:card\" content=\"summary_large_image\" \/>\n<script type=\"application\/ld+json\" class=\"yoast-schema-graph\">{\"@context\":\"https:\/\/schema.org\",\"@graph\":[{\"@type\":\"WebPage\",\"@id\":\"https:\/\/cofersapalencia.com\/noticias\/\",\"url\":\"https:\/\/cofersapalencia.com\/noticias\/\",\"name\":\"Noticias - cofersapalencia\",\"isPartOf\":{\"@id\":\"https:\/\/cofersapalencia.com\/#website\"},\"datePublished\":\"2024-09-03T15:42:49+00:00\",\"dateModified\":\"2024-09-04T06:42:57+00:00\",\"breadcrumb\":{\"@id\":\"https:\/\/cofersapalencia.com\/noticias\/#breadcrumb\"},\"inLanguage\":\"en-GB\",\"potentialAction\":[{\"@type\":\"ReadAction\",\"target\":[\"https:\/\/cofersapalencia.com\/noticias\/\"]}]},{\"@type\":\"BreadcrumbList\",\"@id\":\"https:\/\/cofersapalencia.com\/noticias\/#breadcrumb\",\"itemListElement\":[{\"@type\":\"ListItem\",\"position\":1,\"name\":\"Portada\",\"item\":\"https:\/\/cofersapalencia.com\/\"},{\"@type\":\"ListItem\",\"position\":2,\"name\":\"Noticias\"}]},{\"@type\":\"WebSite\",\"@id\":\"https:\/\/cofersapalencia.com\/#website\",\"url\":\"https:\/\/cofersapalencia.com\/\",\"name\":\"cofersapalencia\",\"description\":\"Empresa de suministros industriales en Palencia\",\"potentialAction\":[{\"@type\":\"SearchAction\",\"target\":{\"@type\":\"EntryPoint\",\"urlTemplate\":\"https:\/\/cofersapalencia.com\/?s={search_term_string}\"},\"query-input\":{\"@type\":\"PropertyValueSpecification\",\"valueRequired\":true,\"valueName\":\"search_term_string\"}}],\"inLanguage\":\"en-GB\"}]}<\/script>\n<!-- \/ Yoast SEO plugin. -->","yoast_head_json":{"title":"Noticias - cofersapalencia","robots":{"index":"index","follow":"follow","max-snippet":"max-snippet:-1","max-image-preview":"max-image-preview:large","max-video-preview":"max-video-preview:-1"},"canonical":"https:\/\/cofersapalencia.com\/en\/noticias\/","og_locale":"en_GB","og_type":"article","og_title":"Noticias - cofersapalencia","og_description":"NOTICIASSuscr\u00edbete a nuestra newsletter y ent\u00e9rate de todas nuestras novedades, ofertas, noticias, \u00a1y mucho m\u00e1s! Envianos tu correo electr\u00f3nico y cada semana te sorprenderemos con lo mejor de nuestro contenido directamente en tu bandeja de entrada.NOTICIASEstimados clientes, Debido a las medidas adoptadas por el Gobierno Central para controlar y reducir los contagios de coronavirus Covid-19 [&hellip;]","og_url":"https:\/\/cofersapalencia.com\/en\/noticias\/","og_site_name":"cofersapalencia","article_modified_time":"2024-09-04T06:42:57+00:00","twitter_card":"summary_large_image","schema":{"@context":"https:\/\/schema.org","@graph":[{"@type":"WebPage","@id":"https:\/\/cofersapalencia.com\/noticias\/","url":"https:\/\/cofersapalencia.com\/noticias\/","name":"Noticias - cofersapalencia","isPartOf":{"@id":"https:\/\/cofersapalencia.com\/#website"},"datePublished":"2024-09-03T15:42:49+00:00","dateModified":"2024-09-04T06:42:57+00:00","breadcrumb":{"@id":"https:\/\/cofersapalencia.com\/noticias\/#breadcrumb"},"inLanguage":"en-GB","potentialAction":[{"@type":"ReadAction","target":["https:\/\/cofersapalencia.com\/noticias\/"]}]},{"@type":"BreadcrumbList","@id":"https:\/\/cofersapalencia.com\/noticias\/#breadcrumb","itemListElement":[{"@type":"ListItem","position":1,"name":"Portada","item":"https:\/\/cofersapalencia.com\/"},{"@type":"ListItem","position":2,"name":"Noticias"}]},{"@type":"WebSite","@id":"https:\/\/cofersapalencia.com\/#website","url":"https:\/\/cofersapalencia.com\/","name":"cofersapalencia","description":"Empresa de suministros industriales en Palencia","potentialAction":[{"@type":"SearchAction","target":{"@type":"EntryPoint","urlTemplate":"https:\/\/cofersapalencia.com\/?s={search_term_string}"},"query-input":{"@type":"PropertyValueSpecification","valueRequired":true,"valueName":"search_term_string"}}],"inLanguage":"en-GB"}]}},"_links":{"self":[{"href":"https:\/\/cofersapalencia.com\/en\/wp-json\/wp\/v2\/pages\/6932","targetHints":{"allow":["GET"]}}],"collection":[{"href":"https:\/\/cofersapalencia.com\/en\/wp-json\/wp\/v2\/pages"}],"about":[{"href":"https:\/\/cofersapalencia.com\/en\/wp-json\/wp\/v2\/types\/page"}],"author":[{"embeddable":true,"href":"https:\/\/cofersapalencia.com\/en\/wp-json\/wp\/v2\/users\/1"}],"replies":[{"embeddable":true,"href":"https:\/\/cofersapalencia.com\/en\/wp-json\/wp\/v2\/comments?post=6932"}],"version-history":[{"count":7,"href":"https:\/\/cofersapalencia.com\/en\/wp-json\/wp\/v2\/pages\/6932\/revisions"}],"predecessor-version":[{"id":6956,"href":"https:\/\/cofersapalencia.com\/en\/wp-json\/wp\/v2\/pages\/6932\/revisions\/6956"}],"wp:attachment":[{"href":"https:\/\/cofersapalencia.com\/en\/wp-json\/wp\/v2\/media?parent=6932"}],"curies":[{"name":"wp","href":"https:\/\/api.w.org\/{rel}","templated":true}]}}