{"id":6910,"date":"2024-09-03T14:43:11","date_gmt":"2024-09-03T14:43:11","guid":{"rendered":"https:\/\/cofersapalencia.com\/?page_id=6910"},"modified":"2024-09-06T13:45:14","modified_gmt":"2024-09-06T11:45:14","slug":"contacto","status":"publish","type":"page","link":"https:\/\/cofersapalencia.com\/en\/contacto\/","title":{"rendered":"Contact"},"content":{"rendered":"<p>[et_pb_section fb_built=\u00bb1&#8243; specialty=\u00bbon\u00bb _builder_version=\u00bb4.22.1&#8243; use_background_color_gradient=\u00bbon\u00bb background_color_gradient_direction=\u00bb90deg\u00bb background_color_gradient_stops=\u00bbrgba(0,0,0,0) 64%|#208382 64%\u00bb background_color_gradient_start=\u00bbrgba(0,0,0,0)\u00bb background_color_gradient_start_position=\u00bb64%\u00bb background_color_gradient_end=\u00bb#4a00d8&#8243; background_color_gradient_end_position=\u00bb0%\u00bb custom_padding=\u00bb8vw||||false|false\u00bb background_last_edited=\u00bbon|tablet\u00bb background_color_gradient_direction_tablet=\u00bb-180deg\u00bb global_colors_info=\u00bb{}\u00bb][et_pb_column type=\u00bb1_2&#8243; _builder_version=\u00bb4.16&#8243; custom_padding=\u00bb|||\u00bb global_colors_info=\u00bb{}\u00bb custom_padding__hover=\u00bb|||\u00bb][et_pb_text _builder_version=\u00bb4.22.1&#8243; header_font=\u00bbRoboto Condensed|700||on|||||\u00bb header_font_size=\u00bb80px\u00bb header_line_height=\u00bb1.1em\u00bb header_font_size_tablet=\u00bb60px\u00bb header_font_size_phone=\u00bb40px\u00bb header_font_size_last_edited=\u00bbon|phone\u00bb locked=\u00bboff\u00bb global_colors_info=\u00bb{}\u00bb]<\/p>\n<h1>Contact<\/h1>\n<p>[\/et_pb_text][et_pb_text _builder_version=\u00bb4.22.1&#8243; text_font=\u00bbLora||||||||\u00bb text_text_color=\u00bb#676879&#8243; text_font_size=\u00bb16px\u00bb text_line_height=\u00bb2em\u00bb text_font_size_tablet=\u00bb15px\u00bb text_font_size_phone=\u00bb14px\u00bb text_font_size_last_edited=\u00bbon|phone\u00bb locked=\u00bboff\u00bb global_colors_info=\u00bb{}\u00bb]<\/p>\n<p>Puede ponerse en contacto a trav\u00e9s de nosotros:<\/p>\n<p>[\/et_pb_text][et_pb_text _builder_version=\u00bb4.22.1&#8243; text_font=\u00bbLora||||||||\u00bb text_text_color=\u00bb#676879&#8243; text_font_size=\u00bb16px\u00bb text_line_height=\u00bb2em\u00bb link_text_color=\u00bb#fc3f3f\u00bb header_3_font=\u00bbRoboto Condensed|700||on|||||\u00bb header_3_font_size=\u00bb20px\u00bb header_3_letter_spacing=\u00bb1px\u00bb header_3_line_height=\u00bb1.2em\u00bb max_width=\u00bb640px\u00bb text_font_size_tablet=\u00bb15px\u00bb text_font_size_phone=\u00bb14px\u00bb text_font_size_last_edited=\u00bbon|phone\u00bb header_3_font_size_tablet=\u00bb\u00bb header_3_font_size_phone=\u00bb18px\u00bb header_3_font_size_last_edited=\u00bbon|phone\u00bb locked=\u00bboff\u00bb global_colors_info=\u00bb{}\u00bb]<\/p>\n<ul class=\"cofersa\">\n<li><strong>Exposici\u00f3n y Venta<\/strong>:<br \/>Avd Comunidad Europea, 26. Pol\u00edgono Industrial. 34004 PALENCIA<\/li>\n<li><strong>Tel\u00e9fonos<\/strong>:<br \/>979 16 55 45<\/li>\n<li><strong>Whatsapp<\/strong>:<br \/>608 31 86 46<\/li>\n<li><strong>Fax<\/strong>:<br \/>979 16 55 49<\/li>\n<li><strong>Email:<\/strong><br \/><a href=\"mailto:alquiler@cofersa2000.com\">alquiler@cofersa2000.com<\/a><\/li>\n<\/ul>\n<p>[\/et_pb_text][\/et_pb_column][et_pb_column type=\u00bb1_2&#8243; specialty_columns=\u00bb2&#8243; _builder_version=\u00bb4.16&#8243; custom_padding=\u00bb|||\u00bb global_colors_info=\u00bb{}\u00bb custom_padding__hover=\u00bb|||\u00bb][et_pb_row_inner _builder_version=\u00bb4.16&#8243; background_color=\u00bb#ffffff\u00bb custom_padding=\u00bb0px||0px||true|false\u00bb box_shadow_style=\u00bbpreset4&#8243; box_shadow_horizontal=\u00bb-110px\u00bb box_shadow_vertical=\u00bb-16vw\u00bb box_shadow_spread=\u00bb-80px\u00bb box_shadow_color=\u00bb#ffc001&#8243; box_shadow_horizontal_tablet=\u00bb-180px\u00bb box_shadow_horizontal_phone=\u00bb\u00bb box_shadow_horizontal_last_edited=\u00bbon|phone\u00bb box_shadow_vertical_tablet=\u00bb-30px\u00bb box_shadow_vertical_phone=\u00bb\u00bb box_shadow_vertical_last_edited=\u00bbon|tablet\u00bb global_colors_info=\u00bb{}\u00bb][et_pb_column_inner saved_specialty_column_type=\u00bb1_2&#8243; _builder_version=\u00bb4.16&#8243; custom_padding=\u00bb50px|40px|50px|40px|true|true\u00bb custom_padding_tablet=\u00bb\u00bb custom_padding_phone=\u00bb20px|20px|20px|20px|true|true\u00bb custom_padding_last_edited=\u00bbon|desktop\u00bb box_shadow_style=\u00bbpreset3&#8243; box_shadow_vertical=\u00bb64px\u00bb box_shadow_blur=\u00bb80px\u00bb box_shadow_spread=\u00bb-24px\u00bb box_shadow_color=\u00bbrgba(24,23,38,0.1)\u00bb global_colors_info=\u00bb{}\u00bb][et_pb_contact_form captcha=\u00bboff\u00bb title=\u00bbFormulario de contacto\u00bb _builder_version=\u00bb4.22.1&#8243; form_field_background_color=\u00bb#f8f8f8&#8243; form_field_focus_background_color=\u00bb#efefef\u00bb form_field_custom_margin=\u00bb||30px||false|false\u00bb form_field_font=\u00bbRoboto Condensed||||||||\u00bb form_field_line_height=\u00bb1.8em\u00bb custom_button=\u00bbon\u00bb button_text_size=\u00bb14px\u00bb button_text_color=\u00bb#ffffff\u00bb button_bg_color=\u00bb#fec027&#8243; button_border_width=\u00bb0px\u00bb button_border_radius=\u00bb0px\u00bb button_letter_spacing=\u00bb2px\u00bb button_font=\u00bbRoboto Condensed|700||on|||||\u00bb button_icon=\u00bb&#x24;||divi||400&#8243; button_on_hover=\u00bboff\u00bb button_custom_padding=\u00bb16px|36px|16px|22px|true|false\u00bb box_shadow_style_button=\u00bbpreset3&#8243; box_shadow_color_button=\u00bb#fec027&#8243; global_colors_info=\u00bb{}\u00bb button_custom_padding__hover=\u00bb|40px||26px|true|false\u00bb button_custom_padding__hover_enabled=\u00bbon|hover\u00bb][et_pb_contact_field field_id=\u00bbName_2&#8243; field_title=\u00bbNombre\u00bb fullwidth_field=\u00bbon\u00bb _builder_version=\u00bb4.22.1&#8243; global_colors_info=\u00bb{}\u00bb button_text_size__hover_enabled=\u00bboff\u00bb button_one_text_size__hover_enabled=\u00bboff\u00bb button_two_text_size__hover_enabled=\u00bboff\u00bb button_text_color__hover_enabled=\u00bboff\u00bb button_one_text_color__hover_enabled=\u00bboff\u00bb button_two_text_color__hover_enabled=\u00bboff\u00bb button_border_width__hover_enabled=\u00bboff\u00bb button_one_border_width__hover_enabled=\u00bboff\u00bb button_two_border_width__hover_enabled=\u00bboff\u00bb button_border_color__hover_enabled=\u00bboff\u00bb button_one_border_color__hover_enabled=\u00bboff\u00bb button_two_border_color__hover_enabled=\u00bboff\u00bb button_border_radius__hover_enabled=\u00bboff\u00bb button_one_border_radius__hover_enabled=\u00bboff\u00bb button_two_border_radius__hover_enabled=\u00bboff\u00bb button_letter_spacing__hover_enabled=\u00bboff\u00bb button_one_letter_spacing__hover_enabled=\u00bboff\u00bb button_two_letter_spacing__hover_enabled=\u00bboff\u00bb button_bg_color__hover_enabled=\u00bboff\u00bb button_one_bg_color__hover_enabled=\u00bboff\u00bb button_two_bg_color__hover_enabled=\u00bboff\u00bb][\/et_pb_contact_field][et_pb_contact_field field_id=\u00bbEmail\u00bb field_title=\u00bbEmail Address\u00bb field_type=\u00bbemail\u00bb fullwidth_field=\u00bbon\u00bb _builder_version=\u00bb4.16&#8243; global_colors_info=\u00bb{}\u00bb button_text_size__hover_enabled=\u00bboff\u00bb button_one_text_size__hover_enabled=\u00bboff\u00bb button_two_text_size__hover_enabled=\u00bboff\u00bb button_text_color__hover_enabled=\u00bboff\u00bb button_one_text_color__hover_enabled=\u00bboff\u00bb button_two_text_color__hover_enabled=\u00bboff\u00bb button_border_width__hover_enabled=\u00bboff\u00bb button_one_border_width__hover_enabled=\u00bboff\u00bb button_two_border_width__hover_enabled=\u00bboff\u00bb button_border_color__hover_enabled=\u00bboff\u00bb button_one_border_color__hover_enabled=\u00bboff\u00bb button_two_border_color__hover_enabled=\u00bboff\u00bb button_border_radius__hover_enabled=\u00bboff\u00bb button_one_border_radius__hover_enabled=\u00bboff\u00bb button_two_border_radius__hover_enabled=\u00bboff\u00bb button_letter_spacing__hover_enabled=\u00bboff\u00bb button_one_letter_spacing__hover_enabled=\u00bboff\u00bb button_two_letter_spacing__hover_enabled=\u00bboff\u00bb button_bg_color__hover_enabled=\u00bboff\u00bb button_one_bg_color__hover_enabled=\u00bboff\u00bb button_two_bg_color__hover_enabled=\u00bboff\u00bb][\/et_pb_contact_field][et_pb_contact_field field_id=\u00bbasunto\u00bb field_title=\u00bbAsunto\u00bb fullwidth_field=\u00bbon\u00bb _builder_version=\u00bb4.22.1&#8243; global_colors_info=\u00bb{}\u00bb button_text_size__hover_enabled=\u00bboff\u00bb button_one_text_size__hover_enabled=\u00bboff\u00bb button_two_text_size__hover_enabled=\u00bboff\u00bb button_text_color__hover_enabled=\u00bboff\u00bb button_one_text_color__hover_enabled=\u00bboff\u00bb button_two_text_color__hover_enabled=\u00bboff\u00bb button_border_width__hover_enabled=\u00bboff\u00bb button_one_border_width__hover_enabled=\u00bboff\u00bb button_two_border_width__hover_enabled=\u00bboff\u00bb button_border_color__hover_enabled=\u00bboff\u00bb button_one_border_color__hover_enabled=\u00bboff\u00bb button_two_border_color__hover_enabled=\u00bboff\u00bb button_border_radius__hover_enabled=\u00bboff\u00bb button_one_border_radius__hover_enabled=\u00bboff\u00bb button_two_border_radius__hover_enabled=\u00bboff\u00bb button_letter_spacing__hover_enabled=\u00bboff\u00bb button_one_letter_spacing__hover_enabled=\u00bboff\u00bb button_two_letter_spacing__hover_enabled=\u00bboff\u00bb button_bg_color__hover_enabled=\u00bboff\u00bb button_one_bg_color__hover_enabled=\u00bboff\u00bb button_two_bg_color__hover_enabled=\u00bboff\u00bb][\/et_pb_contact_field][et_pb_contact_field field_id=\u00bbMessage\u00bb field_title=\u00bbMensaje\u00bb field_type=\u00bbtext\u00bb fullwidth_field=\u00bbon\u00bb _builder_version=\u00bb4.22.1&#8243; global_colors_info=\u00bb{}\u00bb button_text_size__hover_enabled=\u00bboff\u00bb button_one_text_size__hover_enabled=\u00bboff\u00bb button_two_text_size__hover_enabled=\u00bboff\u00bb button_text_color__hover_enabled=\u00bboff\u00bb button_one_text_color__hover_enabled=\u00bboff\u00bb button_two_text_color__hover_enabled=\u00bboff\u00bb button_border_width__hover_enabled=\u00bboff\u00bb button_one_border_width__hover_enabled=\u00bboff\u00bb button_two_border_width__hover_enabled=\u00bboff\u00bb button_border_color__hover_enabled=\u00bboff\u00bb button_one_border_color__hover_enabled=\u00bboff\u00bb button_two_border_color__hover_enabled=\u00bboff\u00bb button_border_radius__hover_enabled=\u00bboff\u00bb button_one_border_radius__hover_enabled=\u00bboff\u00bb button_two_border_radius__hover_enabled=\u00bboff\u00bb button_letter_spacing__hover_enabled=\u00bboff\u00bb button_one_letter_spacing__hover_enabled=\u00bboff\u00bb button_two_letter_spacing__hover_enabled=\u00bboff\u00bb button_bg_color__hover_enabled=\u00bboff\u00bb button_one_bg_color__hover_enabled=\u00bboff\u00bb button_two_bg_color__hover_enabled=\u00bboff\u00bb][\/et_pb_contact_field][\/et_pb_contact_form][\/et_pb_column_inner][\/et_pb_row_inner][\/et_pb_column][\/et_pb_section][et_pb_section fb_built=\u00bb1&#8243; _builder_version=\u00bb4.22.1&#8243; _module_preset=\u00bbdefault\u00bb background_color=\u00bb#fec027&#8243; global_colors_info=\u00bb{}\u00bb][et_pb_row _builder_version=\u00bb4.22.1&#8243; _module_preset=\u00bbdefault\u00bb global_colors_info=\u00bb{}\u00bb][et_pb_column type=\u00bb4_4&#8243; _builder_version=\u00bb4.22.1&#8243; _module_preset=\u00bbdefault\u00bb global_colors_info=\u00bb{}\u00bb][et_pb_text _builder_version=\u00bb4.22.1&#8243; _module_preset=\u00bbdefault\u00bb text_font=\u00bbRoboto Condensed|700|||||||\u00bb text_text_color=\u00bb#208382&#8243; text_font_size=\u00bb46px\u00bb global_colors_info=\u00bb{}\u00bb]<\/p>\n<div class=\"d7sCQ kp-header\" data-hveid=\"CEQQAA\" data-ved=\"2ahUKEwiImpjuh6eIAxUg9rsIHZOFNM4Q4JEHegQIRBAA\">\n<div class=\"fYOrjf kp-hc\">\n<div class=\"wDYxhc\" data-attrid=\"kc:\/local:one line summary\" data-md=\"87\" data-hveid=\"CEUQAA\" data-ved=\"2ahUKEwiImpjuh6eIAxUg9rsIHZOFNM4QkzkoAHoECEUQAA\">\n<div class=\"zloOqf kpS1Ac vk_gy\" style=\"text-align: center;\"><strong><span class=\"YhemCb\">EMPRESA DE SUMINISTROS INDUSTRIALES EN PALENCIA<\/span><\/strong><\/div>\n<\/div>\n<\/div>\n<\/div>\n<p>[\/et_pb_text][\/et_pb_column][\/et_pb_row][\/et_pb_section][et_pb_section fb_built=\u00bb1&#8243; fullwidth=\u00bbon\u00bb _builder_version=\u00bb4.22.1&#8243; _module_preset=\u00bbdefault\u00bb global_colors_info=\u00bb{}\u00bb][et_pb_fullwidth_code _builder_version=\u00bb4.22.1&#8243; _module_preset=\u00bbdefault\u00bb global_colors_info=\u00bb{}\u00bb]<iframe src=\"https:\/\/www.google.com\/maps\/embed?pb=!1m18!1m12!1m3!1d2964.589281435932!2d-4.515062323328003!3d42.00908935720182!2m3!1f0!2f0!3f0!3m2!1i1024!2i768!4f13.1!3m3!1m2!1s0xd47b1b7d8d8af45%3A0x698b2df845b34d02!2sCofersa!5e0!3m2!1ses!2ses!4v1725376120440!5m2!1ses!2ses\" width=\"2600\" height=\"450\" style=\"border:0;\" allowfullscreen=\"\" loading=\"lazy\" referrerpolicy=\"no-referrer-when-downgrade\"><\/iframe>[\/et_pb_fullwidth_code][\/et_pb_section][et_pb_section fb_built=\u00bb1&#8243; _builder_version=\u00bb4.22.1&#8243; _module_preset=\u00bbdefault\u00bb custom_margin=\u00bb-49px||-45px|||\u00bb global_colors_info=\u00bb{}\u00bb][et_pb_row _builder_version=\u00bb4.22.1&#8243; _module_preset=\u00bbdefault\u00bb global_colors_info=\u00bb{}\u00bb][et_pb_column type=\u00bb4_4&#8243; _builder_version=\u00bb4.22.1&#8243; _module_preset=\u00bbdefault\u00bb global_colors_info=\u00bb{}\u00bb][et_pb_image src=\u00bbhttps:\/\/cofersapalencia.com\/wp-content\/uploads\/2024\/09\/Mesa-de-trabajo-1.png\u00bb title_text=\u00bbkitDigital\u00bb _builder_version=\u00bb4.22.1&#8243; _module_preset=\u00bbdefault\u00bb global_colors_info=\u00bb{}\u00bb][\/et_pb_image][\/et_pb_column][\/et_pb_row][\/et_pb_section]<\/p>","protected":false},"excerpt":{"rendered":"<p>ContactoPuede ponerse en contacto a trav\u00e9s de nosotros: Exposici\u00f3n y Venta:Avd Comunidad Europea, 26. Pol\u00edgono Industrial. 34004 PALENCIA Tel\u00e9fonos:979 16 55 45 Whatsapp:608 31 86 46 Fax:979 16 55 49 Email:alquiler@cofersa2000.com EMPRESA DE SUMINISTROS INDUSTRIALES EN PALENCIA<\/p>","protected":false},"author":1,"featured_media":0,"parent":0,"menu_order":0,"comment_status":"closed","ping_status":"closed","template":"","meta":{"_et_pb_use_builder":"on","_et_pb_old_content":"","_et_gb_content_width":"","footnotes":""},"class_list":["post-6910","page","type-page","status-publish","hentry"],"yoast_head":"<!-- This site is optimized with the Yoast SEO plugin v26.2 - https:\/\/yoast.com\/wordpress\/plugins\/seo\/ -->\n<title>Contacto - cofersapalencia<\/title>\n<meta name=\"robots\" content=\"index, follow, max-snippet:-1, max-image-preview:large, max-video-preview:-1\" \/>\n<link rel=\"canonical\" href=\"https:\/\/cofersapalencia.com\/en\/contacto\/\" \/>\n<meta property=\"og:locale\" content=\"en_GB\" \/>\n<meta property=\"og:type\" content=\"article\" \/>\n<meta property=\"og:title\" content=\"Contacto - cofersapalencia\" \/>\n<meta property=\"og:description\" content=\"ContactoPuede ponerse en contacto a trav\u00e9s de nosotros: Exposici\u00f3n y Venta:Avd Comunidad Europea, 26. Pol\u00edgono Industrial. 34004 PALENCIA Tel\u00e9fonos:979 16 55 45 Whatsapp:608 31 86 46 Fax:979 16 55 49 Email:alquiler@cofersa2000.com EMPRESA DE SUMINISTROS INDUSTRIALES EN PALENCIA\" \/>\n<meta property=\"og:url\" content=\"https:\/\/cofersapalencia.com\/en\/contacto\/\" \/>\n<meta property=\"og:site_name\" content=\"cofersapalencia\" \/>\n<meta property=\"article:modified_time\" content=\"2024-09-06T11:45:14+00:00\" \/>\n<meta name=\"twitter:card\" content=\"summary_large_image\" \/>\n<script type=\"application\/ld+json\" class=\"yoast-schema-graph\">{\"@context\":\"https:\/\/schema.org\",\"@graph\":[{\"@type\":\"WebPage\",\"@id\":\"https:\/\/cofersapalencia.com\/contacto\/\",\"url\":\"https:\/\/cofersapalencia.com\/contacto\/\",\"name\":\"Contacto - cofersapalencia\",\"isPartOf\":{\"@id\":\"https:\/\/cofersapalencia.com\/#website\"},\"datePublished\":\"2024-09-03T14:43:11+00:00\",\"dateModified\":\"2024-09-06T11:45:14+00:00\",\"breadcrumb\":{\"@id\":\"https:\/\/cofersapalencia.com\/contacto\/#breadcrumb\"},\"inLanguage\":\"en-GB\",\"potentialAction\":[{\"@type\":\"ReadAction\",\"target\":[\"https:\/\/cofersapalencia.com\/contacto\/\"]}]},{\"@type\":\"BreadcrumbList\",\"@id\":\"https:\/\/cofersapalencia.com\/contacto\/#breadcrumb\",\"itemListElement\":[{\"@type\":\"ListItem\",\"position\":1,\"name\":\"Portada\",\"item\":\"https:\/\/cofersapalencia.com\/\"},{\"@type\":\"ListItem\",\"position\":2,\"name\":\"Contacto\"}]},{\"@type\":\"WebSite\",\"@id\":\"https:\/\/cofersapalencia.com\/#website\",\"url\":\"https:\/\/cofersapalencia.com\/\",\"name\":\"cofersapalencia\",\"description\":\"Empresa de suministros industriales en Palencia\",\"potentialAction\":[{\"@type\":\"SearchAction\",\"target\":{\"@type\":\"EntryPoint\",\"urlTemplate\":\"https:\/\/cofersapalencia.com\/?s={search_term_string}\"},\"query-input\":{\"@type\":\"PropertyValueSpecification\",\"valueRequired\":true,\"valueName\":\"search_term_string\"}}],\"inLanguage\":\"en-GB\"}]}<\/script>\n<!-- \/ Yoast SEO plugin. -->","yoast_head_json":{"title":"Contacto - cofersapalencia","robots":{"index":"index","follow":"follow","max-snippet":"max-snippet:-1","max-image-preview":"max-image-preview:large","max-video-preview":"max-video-preview:-1"},"canonical":"https:\/\/cofersapalencia.com\/en\/contacto\/","og_locale":"en_GB","og_type":"article","og_title":"Contacto - cofersapalencia","og_description":"ContactoPuede ponerse en contacto a trav\u00e9s de nosotros: Exposici\u00f3n y Venta:Avd Comunidad Europea, 26. Pol\u00edgono Industrial. 34004 PALENCIA Tel\u00e9fonos:979 16 55 45 Whatsapp:608 31 86 46 Fax:979 16 55 49 Email:alquiler@cofersa2000.com EMPRESA DE SUMINISTROS INDUSTRIALES EN PALENCIA","og_url":"https:\/\/cofersapalencia.com\/en\/contacto\/","og_site_name":"cofersapalencia","article_modified_time":"2024-09-06T11:45:14+00:00","twitter_card":"summary_large_image","schema":{"@context":"https:\/\/schema.org","@graph":[{"@type":"WebPage","@id":"https:\/\/cofersapalencia.com\/contacto\/","url":"https:\/\/cofersapalencia.com\/contacto\/","name":"Contacto - cofersapalencia","isPartOf":{"@id":"https:\/\/cofersapalencia.com\/#website"},"datePublished":"2024-09-03T14:43:11+00:00","dateModified":"2024-09-06T11:45:14+00:00","breadcrumb":{"@id":"https:\/\/cofersapalencia.com\/contacto\/#breadcrumb"},"inLanguage":"en-GB","potentialAction":[{"@type":"ReadAction","target":["https:\/\/cofersapalencia.com\/contacto\/"]}]},{"@type":"BreadcrumbList","@id":"https:\/\/cofersapalencia.com\/contacto\/#breadcrumb","itemListElement":[{"@type":"ListItem","position":1,"name":"Portada","item":"https:\/\/cofersapalencia.com\/"},{"@type":"ListItem","position":2,"name":"Contacto"}]},{"@type":"WebSite","@id":"https:\/\/cofersapalencia.com\/#website","url":"https:\/\/cofersapalencia.com\/","name":"cofersapalencia","description":"Empresa de suministros industriales en Palencia","potentialAction":[{"@type":"SearchAction","target":{"@type":"EntryPoint","urlTemplate":"https:\/\/cofersapalencia.com\/?s={search_term_string}"},"query-input":{"@type":"PropertyValueSpecification","valueRequired":true,"valueName":"search_term_string"}}],"inLanguage":"en-GB"}]}},"_links":{"self":[{"href":"https:\/\/cofersapalencia.com\/en\/wp-json\/wp\/v2\/pages\/6910","targetHints":{"allow":["GET"]}}],"collection":[{"href":"https:\/\/cofersapalencia.com\/en\/wp-json\/wp\/v2\/pages"}],"about":[{"href":"https:\/\/cofersapalencia.com\/en\/wp-json\/wp\/v2\/types\/page"}],"author":[{"embeddable":true,"href":"https:\/\/cofersapalencia.com\/en\/wp-json\/wp\/v2\/users\/1"}],"replies":[{"embeddable":true,"href":"https:\/\/cofersapalencia.com\/en\/wp-json\/wp\/v2\/comments?post=6910"}],"version-history":[{"count":6,"href":"https:\/\/cofersapalencia.com\/en\/wp-json\/wp\/v2\/pages\/6910\/revisions"}],"predecessor-version":[{"id":7029,"href":"https:\/\/cofersapalencia.com\/en\/wp-json\/wp\/v2\/pages\/6910\/revisions\/7029"}],"wp:attachment":[{"href":"https:\/\/cofersapalencia.com\/en\/wp-json\/wp\/v2\/media?parent=6910"}],"curies":[{"name":"wp","href":"https:\/\/api.w.org\/{rel}","templated":true}]}}