{"id":6907,"date":"2024-09-03T14:38:54","date_gmt":"2024-09-03T14:38:54","guid":{"rendered":"https:\/\/cofersapalencia.com\/?page_id=6907"},"modified":"2024-09-03T14:38:55","modified_gmt":"2024-09-03T14:38:55","slug":"politica-de-calidad","status":"publish","type":"page","link":"https:\/\/cofersapalencia.com\/en\/politica-de-calidad\/","title":{"rendered":"Quality policy"},"content":{"rendered":"<p>[et_pb_section fb_built=\u00bb1&#8243; _builder_version=\u00bb4.22.1&#8243; _module_preset=\u00bbdefault\u00bb global_colors_info=\u00bb{}\u00bb theme_builder_area=\u00bbpost_content\u00bb][et_pb_row _builder_version=\u00bb4.22.1&#8243; global_colors_info=\u00bb{}\u00bb theme_builder_area=\u00bbpost_content\u00bb][et_pb_column type=\u00bb4_4&#8243; _builder_version=\u00bb4.22.1&#8243; global_colors_info=\u00bb{}\u00bb theme_builder_area=\u00bbpost_content\u00bb][et_pb_text _builder_version=\u00bb4.22.1&#8243; text_font_size=\u00bb13px\u00bb header_2_font=\u00bbRoboto Condensed|700||on|||||\u00bb header_2_font_size=\u00bb80px\u00bb header_2_line_height=\u00bb1.1em\u00bb header_2_font_size_tablet=\u00bb50px\u00bb header_2_font_size_phone=\u00bb30px\u00bb header_2_font_size_last_edited=\u00bbon|phone\u00bb locked=\u00bboff\u00bb global_colors_info=\u00bb{}\u00bb theme_builder_area=\u00bbpost_content\u00bb]<\/p>\n<h2 style=\"text-align: left;\"><span style=\"font-size: xx-large;\">Pol\u00edtica de CALIDAD DE COFERSA 2000 S.A. Y EXCOVENTA 3 S.L.<\/span><\/h2>\n<p>[\/et_pb_text][et_pb_text _builder_version=\u00bb4.22.1&#8243; text_font=\u00bbLora||||||||\u00bb text_text_color=\u00bb#676879&#8243; text_font_size=\u00bb16px\u00bb text_line_height=\u00bb2em\u00bb link_font=\u00bb||||on||||\u00bb link_text_color=\u00bb#fc3f3f\u00bb hover_enabled=\u00bb0&#8243; text_font_size_tablet=\u00bb15px\u00bb text_font_size_phone=\u00bb14px\u00bb text_font_size_last_edited=\u00bbon|phone\u00bb locked=\u00bboff\u00bb global_colors_info=\u00bb{}\u00bb theme_builder_area=\u00bbpost_content\u00bb sticky_enabled=\u00bb0&#8243;]<\/p>\n<p style=\"text-align: justify;\">COFERSA 2000 SA y EXCOVENTA 3 SL tienen sus or\u00edgenes en el a\u00f1o 1960, pionera del alquiler en Castilla y Le\u00f3n, dedicada al alquiler y venta de maquinaria y herramienta de construcci\u00f3n y obra p\u00fablica, as\u00ed como todo tipo de trabajos de perforaci\u00f3n y corte con diamante sobre hormig\u00f3n armado, servicios que realiza con maquinaria y herramienta propios y con su actual flota de veh\u00edculos, contando con personal preparado y cualificado para cada trabajo, cumpliendo con la<br \/>normativa vigente.<br \/>La organizaci\u00f3n de COFERSA 2000 SA y EXCOVENTA 3 SL trabajan orientadas a cumplir la visi\u00f3n de las organizaciones:<br \/>COFERSA 2000 SA y EXCOVENTA 3 SL pretenden consolidarse en sus mercados, para ello mantenemos un compromiso con nuestra clientela para disponer de la gama de equipos m\u00e1s amplia, moderna y competente del mercado, desde herramienta ligera hasta maquinaria pesada, trabajando solamente con primeras marcas del mercado nacional e internacional, que destaque por su seguridad y fiabilidad.<br \/>Para satisfacer plenamente las necesidades de nuestros clientes toda la maquinaria y<br \/>herramienta se mantiene en perfecto estado y condiciones de uso.<br \/>Esta responsabilidad contra\u00edda con nuestros clientes nos lleva a mantener con ellos una relaci\u00f3n personalizada con cada uno de ellos.<br \/>COFERSA 2000 SA y EXCOVENTA 3 SL pretenden mejorar permanentemente la calidad de sus servicios, teniendo como meta ser una de las empresas de referencia en la regi\u00f3n dentro de<br \/>nuestro sector de actividad<\/p>\n<p>[\/et_pb_text][\/et_pb_column][\/et_pb_row][\/et_pb_section]<\/p>","protected":false},"excerpt":{"rendered":"<p>Pol\u00edtica de CALIDAD DE COFERSA 2000 S.A. Y EXCOVENTA 3 S.L.COFERSA 2000 SA y EXCOVENTA 3 SL tienen sus or\u00edgenes en el a\u00f1o 1960, pionera del alquiler en Castilla y Le\u00f3n, dedicada al alquiler y venta de maquinaria y herramienta de construcci\u00f3n y obra p\u00fablica, as\u00ed como todo tipo de trabajos de perforaci\u00f3n y corte [&hellip;]<\/p>","protected":false},"author":1,"featured_media":0,"parent":0,"menu_order":0,"comment_status":"closed","ping_status":"closed","template":"","meta":{"_et_pb_use_builder":"on","_et_pb_old_content":"","_et_gb_content_width":"","footnotes":""},"class_list":["post-6907","page","type-page","status-publish","hentry"],"yoast_head":"<!-- This site is optimized with the Yoast SEO plugin v26.2 - https:\/\/yoast.com\/wordpress\/plugins\/seo\/ -->\n<title>Pol\u00edtica de Calidad - cofersapalencia<\/title>\n<meta name=\"robots\" content=\"index, follow, max-snippet:-1, max-image-preview:large, max-video-preview:-1\" \/>\n<link rel=\"canonical\" href=\"https:\/\/cofersapalencia.com\/en\/politica-de-calidad\/\" \/>\n<meta property=\"og:locale\" content=\"en_GB\" \/>\n<meta property=\"og:type\" content=\"article\" \/>\n<meta property=\"og:title\" content=\"Pol\u00edtica de Calidad - cofersapalencia\" \/>\n<meta property=\"og:description\" content=\"Pol\u00edtica de CALIDAD DE COFERSA 2000 S.A. Y EXCOVENTA 3 S.L.COFERSA 2000 SA y EXCOVENTA 3 SL tienen sus or\u00edgenes en el a\u00f1o 1960, pionera del alquiler en Castilla y Le\u00f3n, dedicada al alquiler y venta de maquinaria y herramienta de construcci\u00f3n y obra p\u00fablica, as\u00ed como todo tipo de trabajos de perforaci\u00f3n y corte [&hellip;]\" \/>\n<meta property=\"og:url\" content=\"https:\/\/cofersapalencia.com\/en\/politica-de-calidad\/\" \/>\n<meta property=\"og:site_name\" content=\"cofersapalencia\" \/>\n<meta property=\"article:modified_time\" content=\"2024-09-03T14:38:55+00:00\" \/>\n<meta name=\"twitter:card\" content=\"summary_large_image\" \/>\n<script type=\"application\/ld+json\" class=\"yoast-schema-graph\">{\"@context\":\"https:\/\/schema.org\",\"@graph\":[{\"@type\":\"WebPage\",\"@id\":\"https:\/\/cofersapalencia.com\/politica-de-calidad\/\",\"url\":\"https:\/\/cofersapalencia.com\/politica-de-calidad\/\",\"name\":\"Pol\u00edtica de Calidad - cofersapalencia\",\"isPartOf\":{\"@id\":\"https:\/\/cofersapalencia.com\/#website\"},\"datePublished\":\"2024-09-03T14:38:54+00:00\",\"dateModified\":\"2024-09-03T14:38:55+00:00\",\"breadcrumb\":{\"@id\":\"https:\/\/cofersapalencia.com\/politica-de-calidad\/#breadcrumb\"},\"inLanguage\":\"en-GB\",\"potentialAction\":[{\"@type\":\"ReadAction\",\"target\":[\"https:\/\/cofersapalencia.com\/politica-de-calidad\/\"]}]},{\"@type\":\"BreadcrumbList\",\"@id\":\"https:\/\/cofersapalencia.com\/politica-de-calidad\/#breadcrumb\",\"itemListElement\":[{\"@type\":\"ListItem\",\"position\":1,\"name\":\"Portada\",\"item\":\"https:\/\/cofersapalencia.com\/\"},{\"@type\":\"ListItem\",\"position\":2,\"name\":\"Pol\u00edtica de Calidad\"}]},{\"@type\":\"WebSite\",\"@id\":\"https:\/\/cofersapalencia.com\/#website\",\"url\":\"https:\/\/cofersapalencia.com\/\",\"name\":\"cofersapalencia\",\"description\":\"Empresa de suministros industriales en Palencia\",\"potentialAction\":[{\"@type\":\"SearchAction\",\"target\":{\"@type\":\"EntryPoint\",\"urlTemplate\":\"https:\/\/cofersapalencia.com\/?s={search_term_string}\"},\"query-input\":{\"@type\":\"PropertyValueSpecification\",\"valueRequired\":true,\"valueName\":\"search_term_string\"}}],\"inLanguage\":\"en-GB\"}]}<\/script>\n<!-- \/ Yoast SEO plugin. -->","yoast_head_json":{"title":"Pol\u00edtica de Calidad - cofersapalencia","robots":{"index":"index","follow":"follow","max-snippet":"max-snippet:-1","max-image-preview":"max-image-preview:large","max-video-preview":"max-video-preview:-1"},"canonical":"https:\/\/cofersapalencia.com\/en\/politica-de-calidad\/","og_locale":"en_GB","og_type":"article","og_title":"Pol\u00edtica de Calidad - cofersapalencia","og_description":"Pol\u00edtica de CALIDAD DE COFERSA 2000 S.A. Y EXCOVENTA 3 S.L.COFERSA 2000 SA y EXCOVENTA 3 SL tienen sus or\u00edgenes en el a\u00f1o 1960, pionera del alquiler en Castilla y Le\u00f3n, dedicada al alquiler y venta de maquinaria y herramienta de construcci\u00f3n y obra p\u00fablica, as\u00ed como todo tipo de trabajos de perforaci\u00f3n y corte [&hellip;]","og_url":"https:\/\/cofersapalencia.com\/en\/politica-de-calidad\/","og_site_name":"cofersapalencia","article_modified_time":"2024-09-03T14:38:55+00:00","twitter_card":"summary_large_image","schema":{"@context":"https:\/\/schema.org","@graph":[{"@type":"WebPage","@id":"https:\/\/cofersapalencia.com\/politica-de-calidad\/","url":"https:\/\/cofersapalencia.com\/politica-de-calidad\/","name":"Pol\u00edtica de Calidad - cofersapalencia","isPartOf":{"@id":"https:\/\/cofersapalencia.com\/#website"},"datePublished":"2024-09-03T14:38:54+00:00","dateModified":"2024-09-03T14:38:55+00:00","breadcrumb":{"@id":"https:\/\/cofersapalencia.com\/politica-de-calidad\/#breadcrumb"},"inLanguage":"en-GB","potentialAction":[{"@type":"ReadAction","target":["https:\/\/cofersapalencia.com\/politica-de-calidad\/"]}]},{"@type":"BreadcrumbList","@id":"https:\/\/cofersapalencia.com\/politica-de-calidad\/#breadcrumb","itemListElement":[{"@type":"ListItem","position":1,"name":"Portada","item":"https:\/\/cofersapalencia.com\/"},{"@type":"ListItem","position":2,"name":"Pol\u00edtica de Calidad"}]},{"@type":"WebSite","@id":"https:\/\/cofersapalencia.com\/#website","url":"https:\/\/cofersapalencia.com\/","name":"cofersapalencia","description":"Empresa de suministros industriales en Palencia","potentialAction":[{"@type":"SearchAction","target":{"@type":"EntryPoint","urlTemplate":"https:\/\/cofersapalencia.com\/?s={search_term_string}"},"query-input":{"@type":"PropertyValueSpecification","valueRequired":true,"valueName":"search_term_string"}}],"inLanguage":"en-GB"}]}},"_links":{"self":[{"href":"https:\/\/cofersapalencia.com\/en\/wp-json\/wp\/v2\/pages\/6907","targetHints":{"allow":["GET"]}}],"collection":[{"href":"https:\/\/cofersapalencia.com\/en\/wp-json\/wp\/v2\/pages"}],"about":[{"href":"https:\/\/cofersapalencia.com\/en\/wp-json\/wp\/v2\/types\/page"}],"author":[{"embeddable":true,"href":"https:\/\/cofersapalencia.com\/en\/wp-json\/wp\/v2\/users\/1"}],"replies":[{"embeddable":true,"href":"https:\/\/cofersapalencia.com\/en\/wp-json\/wp\/v2\/comments?post=6907"}],"version-history":[{"count":2,"href":"https:\/\/cofersapalencia.com\/en\/wp-json\/wp\/v2\/pages\/6907\/revisions"}],"predecessor-version":[{"id":6909,"href":"https:\/\/cofersapalencia.com\/en\/wp-json\/wp\/v2\/pages\/6907\/revisions\/6909"}],"wp:attachment":[{"href":"https:\/\/cofersapalencia.com\/en\/wp-json\/wp\/v2\/media?parent=6907"}],"curies":[{"name":"wp","href":"https:\/\/api.w.org\/{rel}","templated":true}]}}